{"id":2,"date":"2023-09-07T11:55:16","date_gmt":"2023-09-07T09:55:16","guid":{"rendered":"https:\/\/blogg.nykoping.se\/myntan\/?page_id=2"},"modified":"2023-09-07T12:01:30","modified_gmt":"2023-09-07T10:01:30","slug":"exempelsida","status":"publish","type":"page","link":"https:\/\/blogg.nykoping.se\/myntan\/exempelsida\/","title":{"rendered":"Om bloggen"},"content":{"rendered":"\n<p>Myntans \u00e4ldre- och demensboende \u00e4r bel\u00e4get p\u00e5 norra Arn\u00f6, endast tv\u00e5 kilometer fr\u00e5n centrala Nyk\u00f6ping. I n\u00e4rheten av boendet finns vackra gr\u00f6nomr\u00e5den samt en bussh\u00e5llplats med goda f\u00f6rbindelser till centrum.<\/p>\n\n\n\n<p>Vi arbetar aktivt f\u00f6r att skapa en meningsfull tillvaro f\u00f6r v\u00e5ra hyresg\u00e4ster. Dels med aktiviteter som planeras l\u00e5ngt i f\u00f6rv\u00e4g och dels med mer aktuella aktiviteter varje vecka f\u00f6r att hitta n\u00e5got som tilltalar var och en.<\/p>\n","protected":false},"excerpt":{"rendered":"<p>Myntans \u00e4ldre- och demensboende \u00e4r bel\u00e4get p\u00e5 norra Arn\u00f6, endast tv\u00e5 kilometer fr\u00e5n centrala Nyk\u00f6ping. I n\u00e4rheten av boendet finns vackra gr\u00f6nomr\u00e5den samt en bussh\u00e5llplats med goda f\u00f6rbindelser till centrum. Vi arbetar aktivt f\u00f6r att skapa en meningsfull tillvaro f\u00f6r v\u00e5ra hyresg\u00e4ster. Dels med aktiviteter som planeras l\u00e5ngt i f\u00f6rv\u00e4g och dels med mer aktuella &hellip; <a href=\"https:\/\/blogg.nykoping.se\/myntan\/exempelsida\/\" class=\"more-link\">Forts\u00e4tt l\u00e4sa <span class=\"screen-reader-text\">Om bloggen<\/span><\/a><\/p>\n","protected":false},"author":7,"featured_media":0,"parent":0,"menu_order":0,"comment_status":"closed","ping_status":"open","template":"","meta":{"footnotes":""},"class_list":["post-2","page","type-page","status-publish","hentry"],"_links":{"self":[{"href":"https:\/\/blogg.nykoping.se\/myntan\/wp-json\/wp\/v2\/pages\/2","targetHints":{"allow":["GET"]}}],"collection":[{"href":"https:\/\/blogg.nykoping.se\/myntan\/wp-json\/wp\/v2\/pages"}],"about":[{"href":"https:\/\/blogg.nykoping.se\/myntan\/wp-json\/wp\/v2\/types\/page"}],"author":[{"embeddable":true,"href":"https:\/\/blogg.nykoping.se\/myntan\/wp-json\/wp\/v2\/users\/7"}],"replies":[{"embeddable":true,"href":"https:\/\/blogg.nykoping.se\/myntan\/wp-json\/wp\/v2\/comments?post=2"}],"version-history":[{"count":1,"href":"https:\/\/blogg.nykoping.se\/myntan\/wp-json\/wp\/v2\/pages\/2\/revisions"}],"predecessor-version":[{"id":7,"href":"https:\/\/blogg.nykoping.se\/myntan\/wp-json\/wp\/v2\/pages\/2\/revisions\/7"}],"wp:attachment":[{"href":"https:\/\/blogg.nykoping.se\/myntan\/wp-json\/wp\/v2\/media?parent=2"}],"curies":[{"name":"wp","href":"https:\/\/api.w.org\/{rel}","templated":true}]}}