{"id":10,"date":"2024-01-10T14:38:32","date_gmt":"2024-01-10T13:38:32","guid":{"rendered":"https:\/\/blogg.nykoping.se\/mbg5\/?page_id=10"},"modified":"2024-01-26T08:25:49","modified_gmt":"2024-01-26T07:25:49","slug":"om-bloggen","status":"publish","type":"page","link":"https:\/\/blogg.nykoping.se\/mbg\/om-bloggen\/","title":{"rendered":"Om bloggen"},"content":{"rendered":"\n<p>V\u00e4lkommen till Mariebergsg\u00e5rdens blogg <\/p>\n\n\n\n<p>Mariebergsg\u00e5rden \u00e4r det st\u00f6rsta boendet i kommunen. Huset som byggdes under 70- talet har sex v\u00e5ningar som har 12 avdelningar med plats f\u00f6r totalt 129 hyresg\u00e4ster. <\/p>\n\n\n\n<p>P\u00e5 Mariebergsg\u00e5rden ordnar vi allt fr\u00e5n tipspromenader till julmarknad men ocks\u00e5 mer vardagliga aktiviteter som bingo, fr\u00e5gesport och l\u00e4ttare gymnastik. Regelbundet ordnar vi st\u00f6rre s\u00e5ngstunder, musik och teaterevenemang. <\/p>\n\n\n\n<p>En g\u00e5ng i m\u00e5naden ordnar kyrkan gudstj\u00e4nst. F\u00f6rs\u00e4ljning av blommor och kl\u00e4der sker ocks\u00e5 regelbundet. <\/p>\n\n\n\n<p>Med denna blogg vill vi visa v\u00e5ra hyresg\u00e4sternas anh\u00f6riga vad som h\u00e4nder p\u00e5 Mariebergsg\u00e5rden. <\/p>\n\n\n\n<p>V\u00e4lkommen att f\u00f6lja oss !!!<\/p>\n\n\n\n<figure class=\"wp-block-image size-full is-resized\"><img loading=\"lazy\" decoding=\"async\" width=\"225\" height=\"225\" src=\"https:\/\/blogg.nykoping.se\/mbg\/wp-content\/uploads\/sites\/76\/2024\/01\/image-1.png\" alt=\"\" class=\"wp-image-65\" style=\"width:291px;height:auto\" srcset=\"https:\/\/blogg.nykoping.se\/mbg\/wp-content\/uploads\/sites\/76\/2024\/01\/image-1.png 225w, https:\/\/blogg.nykoping.se\/mbg\/wp-content\/uploads\/sites\/76\/2024\/01\/image-1-150x150.png 150w\" sizes=\"auto, (max-width: 225px) 100vw, 225px\" \/><\/figure>\n\n\n\n<p> <\/p>\n","protected":false},"excerpt":{"rendered":"<p>V\u00e4lkommen till Mariebergsg\u00e5rdens blogg Mariebergsg\u00e5rden \u00e4r det st\u00f6rsta boendet i kommunen. Huset som byggdes under 70- talet har sex v\u00e5ningar som har 12 avdelningar med plats f\u00f6r totalt 129 hyresg\u00e4ster. P\u00e5 Mariebergsg\u00e5rden ordnar vi allt fr\u00e5n tipspromenader till julmarknad men ocks\u00e5 mer vardagliga aktiviteter som bingo, fr\u00e5gesport och l\u00e4ttare gymnastik. Regelbundet ordnar vi st\u00f6rre s\u00e5ngstunder, &hellip; <a href=\"https:\/\/blogg.nykoping.se\/mbg\/om-bloggen\/\" class=\"more-link\">Forts\u00e4tt l\u00e4sa <span class=\"screen-reader-text\">Om bloggen<\/span><\/a><\/p>\n","protected":false},"author":356,"featured_media":0,"parent":0,"menu_order":0,"comment_status":"closed","ping_status":"closed","template":"","meta":{"footnotes":""},"class_list":["post-10","page","type-page","status-publish","hentry"],"_links":{"self":[{"href":"https:\/\/blogg.nykoping.se\/mbg\/wp-json\/wp\/v2\/pages\/10","targetHints":{"allow":["GET"]}}],"collection":[{"href":"https:\/\/blogg.nykoping.se\/mbg\/wp-json\/wp\/v2\/pages"}],"about":[{"href":"https:\/\/blogg.nykoping.se\/mbg\/wp-json\/wp\/v2\/types\/page"}],"author":[{"embeddable":true,"href":"https:\/\/blogg.nykoping.se\/mbg\/wp-json\/wp\/v2\/users\/356"}],"replies":[{"embeddable":true,"href":"https:\/\/blogg.nykoping.se\/mbg\/wp-json\/wp\/v2\/comments?post=10"}],"version-history":[{"count":2,"href":"https:\/\/blogg.nykoping.se\/mbg\/wp-json\/wp\/v2\/pages\/10\/revisions"}],"predecessor-version":[{"id":66,"href":"https:\/\/blogg.nykoping.se\/mbg\/wp-json\/wp\/v2\/pages\/10\/revisions\/66"}],"wp:attachment":[{"href":"https:\/\/blogg.nykoping.se\/mbg\/wp-json\/wp\/v2\/media?parent=10"}],"curies":[{"name":"wp","href":"https:\/\/api.w.org\/{rel}","templated":true}]}}