{"id":2,"date":"2023-06-26T09:15:27","date_gmt":"2023-06-26T07:15:27","guid":{"rendered":"https:\/\/blogg.nykoping.se\/lundagarden\/?page_id=2"},"modified":"2023-06-26T10:19:50","modified_gmt":"2023-06-26T08:19:50","slug":"om-bloggen","status":"publish","type":"page","link":"https:\/\/blogg.nykoping.se\/lundagarden\/om-bloggen\/","title":{"rendered":"Om bloggen"},"content":{"rendered":"\n<p>Lundag\u00e5rdens demensboende ligger i t\u00e4torten J\u00f6n\u00e5ker, som \u00e4r drygt tv\u00e5 mil s\u00f6der om Nyk\u00f6ping. Boendet ligger centralt med n\u00e4rhet till butik och promenadv\u00e4gar i villakvarteren omkring.<\/p>\n","protected":false},"excerpt":{"rendered":"<p>Lundag\u00e5rdens demensboende ligger i t\u00e4torten J\u00f6n\u00e5ker, som \u00e4r drygt tv\u00e5 mil s\u00f6der om Nyk\u00f6ping. Boendet ligger centralt med n\u00e4rhet till butik och promenadv\u00e4gar i villakvarteren omkring.<\/p>\n","protected":false},"author":1,"featured_media":0,"parent":0,"menu_order":0,"comment_status":"closed","ping_status":"open","template":"","meta":{"footnotes":""},"class_list":["post-2","page","type-page","status-publish","hentry"],"_links":{"self":[{"href":"https:\/\/blogg.nykoping.se\/lundagarden\/wp-json\/wp\/v2\/pages\/2","targetHints":{"allow":["GET"]}}],"collection":[{"href":"https:\/\/blogg.nykoping.se\/lundagarden\/wp-json\/wp\/v2\/pages"}],"about":[{"href":"https:\/\/blogg.nykoping.se\/lundagarden\/wp-json\/wp\/v2\/types\/page"}],"author":[{"embeddable":true,"href":"https:\/\/blogg.nykoping.se\/lundagarden\/wp-json\/wp\/v2\/users\/1"}],"replies":[{"embeddable":true,"href":"https:\/\/blogg.nykoping.se\/lundagarden\/wp-json\/wp\/v2\/comments?post=2"}],"version-history":[{"count":1,"href":"https:\/\/blogg.nykoping.se\/lundagarden\/wp-json\/wp\/v2\/pages\/2\/revisions"}],"predecessor-version":[{"id":20,"href":"https:\/\/blogg.nykoping.se\/lundagarden\/wp-json\/wp\/v2\/pages\/2\/revisions\/20"}],"wp:attachment":[{"href":"https:\/\/blogg.nykoping.se\/lundagarden\/wp-json\/wp\/v2\/media?parent=2"}],"curies":[{"name":"wp","href":"https:\/\/api.w.org\/{rel}","templated":true}]}}